{"id":1183,"date":"2022-10-18T13:49:47","date_gmt":"2022-10-18T17:49:47","guid":{"rendered":"https:\/\/celebrateindigenous.ca\/she-is-indigenous\/"},"modified":"2023-04-11T19:55:37","modified_gmt":"2023-04-11T23:55:37","slug":"she-is-indigenous","status":"publish","type":"page","link":"https:\/\/celebrateindigenous.ca\/fr\/she-is-indigenous\/","title":{"rendered":"She is Indigenous"},"content":{"rendered":"<div  data-blockid=\"block_9a1abfcb384e7b55c4fd2513d941cf38\" class=\"section-block acf-wp-block acf-wp-block-parent-container acf-wp-block-section-group is-frontend-view has-spacing pt-small pb-small    \">\n\n  <div class=\"inner-container\">\n      <div class=\"has-innerblocks\">\n        <!--<div class=\"panel-spacing \">-->\n          <div class=\"o-container is-container-justification-center \">\n            <div class=\"innerblocks-wrapper\" style=\"--wp--custom--blocks--section-group--inner-container-width:68%; --wp--custom--blocks--innerblocks--block-gap--y:2.5rem;\">\n              \n\n<h1 class=\"wp-block-heading has-text-align-center has-purple-color has-text-color\" style=\"line-height:1\">She is<br>Indigenous<\/h1>\n\n\n\n<p class=\"has-text-align-center has-large-font-size\" style=\"font-weight:400;line-height:1.3\">She is Indigenous honours the strengths and contributions of First Nations, M\u00e9tis and Inuit women. The campaign started with the stories of nine resilient and diverse Indigenous women from across Canada telling&nbsp;their&nbsp;stories, in&nbsp;their&nbsp;communities, with&nbsp;their&nbsp;voices.<\/p>\n\n\n            <\/div>\n          <\/div>\n\n        <!--<\/div>-->\n      <\/div>\n  <\/div>\n  <\/div>\n\n\n<div  data-blockid=\"block_f1cd0b3a96c94bd5dac435ad0b77b57c\" class=\"section-block acf-wp-block acf-wp-block-parent-container acf-wp-block-section-group is-frontend-view has-spacing pt-small pb-small    \">\n\n  <div class=\"inner-container\">\n      <div class=\"has-innerblocks\">\n        <!--<div class=\"panel-spacing \">-->\n          <div class=\"o-container is-container-justification-center \">\n            <div class=\"innerblocks-wrapper\" style=\"--wp--custom--blocks--section-group--inner-container-width:100%; \">\n              \n\n<h2 class=\"wp-block-heading has-text-align-center has-light-purple-color has-text-color\">Listen to our stories<\/h2>\n\n\n            <\/div>\n          <\/div>\n\n        <!--<\/div>-->\n      <\/div>\n  <\/div>\n  <\/div>\n\n\n<div  data-blockid=\"block_16c6e58211744190cb03767da32b1cac\" class=\"section-block acf-wp-block acf-wp-block-parent-container acf-wp-block-section-group is-frontend-view has-spacing pt-medium pb-large  has-gradient-background has-light-green-to-sky-green-top-to-bottom-gradient-background  \">\n\n  <div class=\"inner-container\">\n      <div class=\"has-innerblocks\">\n        <!--<div class=\"panel-spacing \">-->\n          <div class=\"o-container is-container-justification-center \">\n            <div class=\"innerblocks-wrapper\" style=\"--wp--custom--blocks--section-group--inner-container-width:100%; \">\n              \n<div class=\"wpv-view-output\" data-toolset-views-view-editor=\"400bdc543cafb1c1899e9f1e3e390c39\">\n<div class=\"wp-block-toolset-views-view-editor\">\n\n\n<div id=\"wpv-view-layout-574\" class=\"js-wpv-view-layout js-wpv-layout-responsive js-wpv-view-layout-574\" data-viewnumber=\"574\" data-pagination=\"{&quot;id&quot;:574,&quot;query&quot;:&quot;normal&quot;,&quot;type&quot;:&quot;disabled&quot;,&quot;effect&quot;:&quot;fade&quot;,&quot;duration&quot;:500,&quot;speed&quot;:5,&quot;pause_on_hover&quot;:&quot;enabled&quot;,&quot;stop_rollover&quot;:&quot;false&quot;,&quot;cache_pages&quot;:&quot;enabled&quot;,&quot;preload_images&quot;:&quot;enabled&quot;,&quot;preload_pages&quot;:&quot;enabled&quot;,&quot;preload_reach&quot;:1,&quot;spinner&quot;:&quot;builtin&quot;,&quot;spinner_image&quot;:&quot;https:\/\/celebrateindigenous.ca\/wp-content\/plugins\/wp-views\/embedded\/res\/img\/ajax-loader.gif&quot;,&quot;callback_next&quot;:&quot;&quot;,&quot;manage_history&quot;:&quot;enabled&quot;,&quot;has_controls_in_form&quot;:&quot;disabled&quot;,&quot;infinite_tolerance&quot;:&quot;0&quot;,&quot;max_pages&quot;:0,&quot;page&quot;:1,&quot;base_permalink&quot;:&quot;\/fr\/wp-json\/wp\/v2\/pages\/1183?wpv_view_count=574&amp;wpv_paged=WPV_PAGE_NUM&quot;,&quot;loop&quot;:{&quot;type&quot;:&quot;&quot;,&quot;name&quot;:&quot;&quot;,&quot;data&quot;:[],&quot;id&quot;:0}}\" data-permalink=\"\/fr\/wp-json\/wp\/v2\/pages\/1183?wpv_view_count=574\">\n\n\t\n<div class=\"fgrid-row--gallery is-3up media-gallery--container has-video-preview she-is-indigenous\">\n\t\n\t\n\t\t<div class=\"column column-item-id-1096\"><div class=\"entry-box entry-box-circle\"><a href=\"https:\/\/celebrateindigenous.ca\/fr\/story\/donna-may\/\" class=\"hover-block\"><span class=\"sr\">Donna May<\/span><\/a><div class=\"media-container\"><img decoding=\"async\" src=\"https:\/\/celebrateindigenous.ca\/wp-content\/uploads\/2022\/10\/LFMO-Donna-Julia-v2.jpg\" class=\"has-image-drop-shadow featured-image has-circle-mask\"><div class=\"video-container has-circle-mask\"><video autoplayxx muted loop playsinline preload=\"none\" class=\"videoPreview\"><source src=\"https:\/\/celebrateindigenous.ca\/wp-content\/uploads\/2022\/10\/donna-may.mp4\" type=\"video\/mp4\"><img decoding=\"async\" src=\"https:\/\/celebrateindigenous.ca\/wp-content\/uploads\/2022\/10\/Ready-to-Listen-Rosie-square.png\" alt=\"\" title=\"Your browser does not support HTML5 video.\"><\/video><\/div><\/div>\n<a href=\"https:\/\/celebrateindigenous.ca\/fr\/story\/donna-may\/\" class=\"label has-center-text-align has-play-button\" title=\"Donna May\"><span class=\"label-text sr has-icon has-text-color has-purple-color has-text-weight is-bold\">Watch Now<\/span><\/a><\/div><div class=\"entry-box-content mt-4\"><p class=\"tagline mt-0 mb-1 has-text-weight is-regular has-center-text-align\">Elle est une <span>pionni\u00e8re<\/span><\/p><div class=\"summary has-center-text-align\"><p class=\"my-0\">Qu\u2019est-ce qui a incit\u00e9 cette jeune femme inuite \u00e0 devenir une chirurgienne cardiaque?<\/p><\/div><\/div><\/div>\n\n\t\n\t\t<div class=\"column column-item-id-1098\"><div class=\"entry-box entry-box-circle\"><a href=\"https:\/\/celebrateindigenous.ca\/fr\/story\/pearl\/\" class=\"hover-block\"><span class=\"sr\">Pearl<\/span><\/a><div class=\"media-container\"><img decoding=\"async\" src=\"https:\/\/celebrateindigenous.ca\/wp-content\/uploads\/2022\/10\/LFMO-Pearl-Val-v2.jpg\" class=\"has-image-drop-shadow featured-image has-circle-mask\"><div class=\"video-container has-circle-mask\"><video autoplayxx muted loop playsinline preload=\"none\" class=\"videoPreview\"><source src=\"https:\/\/celebrateindigenous.ca\/wp-content\/uploads\/2022\/10\/pearl-v2.mp4\" type=\"video\/mp4\"><img decoding=\"async\" src=\"https:\/\/celebrateindigenous.ca\/wp-content\/uploads\/2022\/10\/Ready-to-Listen-Rosie-square.png\" alt=\"\" title=\"Your browser does not support HTML5 video.\"><\/video><\/div><\/div>\n<a href=\"https:\/\/celebrateindigenous.ca\/fr\/story\/pearl\/\" class=\"label has-center-text-align has-play-button\" title=\"Pearl\"><span class=\"label-text sr has-icon has-text-color has-purple-color has-text-weight is-bold\">Watch Now<\/span><\/a><\/div><div class=\"entry-box-content mt-4\"><p class=\"tagline mt-0 mb-1 has-text-weight is-regular has-center-text-align\">Elle est <span>maternelle<\/span><\/p><div class=\"summary has-center-text-align\"><p class=\"my-0\">Comme plusieurs autres Canadiens, Pearl n\u2019a pas grandi avec son h\u00e9ritage autochtone.<\/p><\/div><\/div><\/div>\n\n\t\n\t\t<div class=\"column column-item-id-1099\"><div class=\"entry-box entry-box-circle\"><a href=\"https:\/\/celebrateindigenous.ca\/fr\/story\/kensi\/\" class=\"hover-block\"><span class=\"sr\">Kensi<\/span><\/a><div class=\"media-container\"><img decoding=\"async\" src=\"https:\/\/celebrateindigenous.ca\/wp-content\/uploads\/2022\/10\/LFMO-Kensi-Julee.jpg\" class=\"has-image-drop-shadow featured-image has-circle-mask\"><div class=\"video-container has-circle-mask\"><video autoplayxx muted loop playsinline preload=\"none\" class=\"videoPreview\"><source src=\"https:\/\/celebrateindigenous.ca\/wp-content\/uploads\/2022\/11\/Kensi.mp4\" type=\"video\/mp4\"><img decoding=\"async\" src=\"https:\/\/celebrateindigenous.ca\/wp-content\/uploads\/2022\/10\/Ready-to-Listen-Rosie-square.png\" alt=\"\" title=\"Your browser does not support HTML5 video.\"><\/video><\/div><\/div>\n<a href=\"https:\/\/celebrateindigenous.ca\/fr\/story\/kensi\/\" class=\"label has-center-text-align has-play-button\" title=\"Kensi\"><span class=\"label-text sr has-icon has-text-color has-purple-color has-text-weight is-bold\">Watch Now<\/span><\/a><\/div><div class=\"entry-box-content mt-4\"><p class=\"tagline mt-0 mb-1 has-text-weight is-regular has-center-text-align\">Elle est <span>inspirante<\/span><\/p><div class=\"summary has-center-text-align\"><p class=\"my-0\">N\u00e9e et \u00e9lev\u00e9e sur le Territoire des Six Nations de la rivi\u00e8re Grand, Kensi s\u2019est toujours sentie chez elle sur la r\u00e9serve et il \u00e9tait important pour elle de redonner \u00e0 sa communaut\u00e9 tous les jours.<\/p><\/div><\/div><\/div>\n\n\t\n\t\t<div class=\"column column-item-id-1100\"><div class=\"entry-box entry-box-circle\"><a href=\"https:\/\/celebrateindigenous.ca\/fr\/story\/maggie\/\" class=\"hover-block\"><span class=\"sr\">Maggie<\/span><\/a><div class=\"media-container\"><img decoding=\"async\" src=\"https:\/\/celebrateindigenous.ca\/wp-content\/uploads\/2022\/10\/LFMO-Maggie-Ann.jpg\" class=\"has-image-drop-shadow featured-image has-circle-mask\"><div class=\"video-container has-circle-mask\"><video autoplayxx muted loop playsinline preload=\"none\" class=\"videoPreview\"><source src=\"https:\/\/celebrateindigenous.ca\/wp-content\/uploads\/2022\/11\/Maggie.mp4\" type=\"video\/mp4\"><img decoding=\"async\" src=\"https:\/\/celebrateindigenous.ca\/wp-content\/uploads\/2022\/10\/Ready-to-Listen-Rosie-square.png\" alt=\"\" title=\"Your browser does not support HTML5 video.\"><\/video><\/div><\/div>\n<a href=\"https:\/\/celebrateindigenous.ca\/fr\/story\/maggie\/\" class=\"label has-center-text-align has-play-button\" title=\"Maggie\"><span class=\"label-text sr has-icon has-text-color has-purple-color has-text-weight is-bold\">Watch Now<\/span><\/a><\/div><div class=\"entry-box-content mt-4\"><p class=\"tagline mt-0 mb-1 has-text-weight is-regular has-center-text-align\">Elle est <span>sage<\/span><\/p><div class=\"summary has-center-text-align\"><p class=\"my-0\">Maggie, une Pescomody du Maine, a visit\u00e9 St. Mary\u2019s (o\u00f9 habitaient ses arri\u00e8res-grands-parents) pour la premi\u00e8re fois lorsqu\u2019elle \u00e9tait adolescente.<\/p><\/div><\/div><\/div>\n\n\t\n\t\t<div class=\"column column-item-id-1101\"><div class=\"entry-box entry-box-circle\"><a href=\"https:\/\/celebrateindigenous.ca\/fr\/story\/lizzie\/\" class=\"hover-block\"><span class=\"sr\">Lizzie<\/span><\/a><div class=\"media-container\"><img decoding=\"async\" src=\"https:\/\/celebrateindigenous.ca\/wp-content\/uploads\/2022\/10\/LFMO-Lizzy-Sheila.jpg\" class=\"has-image-drop-shadow featured-image has-circle-mask\"><div class=\"video-container has-circle-mask\"><video autoplayxx muted loop playsinline preload=\"none\" class=\"videoPreview\"><source src=\"https:\/\/celebrateindigenous.ca\/wp-content\/uploads\/2022\/11\/Lizzie.mp4\" type=\"video\/mp4\"><img decoding=\"async\" src=\"https:\/\/celebrateindigenous.ca\/wp-content\/uploads\/2022\/10\/Ready-to-Listen-Rosie-square.png\" alt=\"\" title=\"Your browser does not support HTML5 video.\"><\/video><\/div><\/div>\n<a href=\"https:\/\/celebrateindigenous.ca\/fr\/story\/lizzie\/\" class=\"label has-center-text-align has-play-button\" title=\"Lizzie\"><span class=\"label-text sr has-icon has-text-color has-purple-color has-text-weight is-bold\">Watch Now<\/span><\/a><\/div><div class=\"entry-box-content mt-4\"><p class=\"tagline mt-0 mb-1 has-text-weight is-regular has-center-text-align\">Elle est <span>forte<\/span><\/p><div class=\"summary has-center-text-align\"><p class=\"my-0\">Aux yeux de Sheila, sa m\u00e8re Lizzie a toujours \u00e9t\u00e9 une femme forte.<\/p><\/div><\/div><\/div>\n\n\t\n\t\t<div class=\"column column-item-id-1102\"><div class=\"entry-box entry-box-circle\"><a href=\"https:\/\/celebrateindigenous.ca\/fr\/story\/bonnie\/\" class=\"hover-block\"><span class=\"sr\">Bonnie<\/span><\/a><div class=\"media-container\"><img decoding=\"async\" src=\"https:\/\/celebrateindigenous.ca\/wp-content\/uploads\/2022\/10\/LFMO-Bonnie-Tammy.jpg\" class=\"has-image-drop-shadow featured-image has-circle-mask\"><div class=\"video-container has-circle-mask\"><video autoplayxx muted loop playsinline preload=\"none\" class=\"videoPreview\"><source src=\"https:\/\/celebrateindigenous.ca\/wp-content\/uploads\/2022\/11\/Bonnie.mp4\" type=\"video\/mp4\"><img decoding=\"async\" src=\"https:\/\/celebrateindigenous.ca\/wp-content\/uploads\/2022\/10\/Ready-to-Listen-Rosie-square.png\" alt=\"\" title=\"Your browser does not support HTML5 video.\"><\/video><\/div><\/div>\n<a href=\"https:\/\/celebrateindigenous.ca\/fr\/story\/bonnie\/\" class=\"label has-center-text-align has-play-button\" title=\"Bonnie\"><span class=\"label-text sr has-icon has-text-color has-purple-color has-text-weight is-bold\">Watch Now<\/span><\/a><\/div><div class=\"entry-box-content mt-4\"><p class=\"tagline mt-0 mb-1 has-text-weight is-regular has-center-text-align\">Elle est <span>charitable<\/span><\/p><div class=\"summary has-center-text-align\"><p class=\"my-0\">Pour Bonnie, l\u2019\u00e9ducation permet d\u2019assurer un avenir meilleur pour les Autochtones, les Inuits et les M\u00e9tis ainsi que d\u2019am\u00e9liorer les relations avec les Canadiens non autochtones.<\/p><\/div><\/div><\/div>\n\n\t\n\t\t<div class=\"column column-item-id-1103\"><div class=\"entry-box entry-box-circle\"><a href=\"https:\/\/celebrateindigenous.ca\/fr\/story\/shani\/\" class=\"hover-block\"><span class=\"sr\">Shani<\/span><\/a><div class=\"media-container\"><img decoding=\"async\" src=\"https:\/\/celebrateindigenous.ca\/wp-content\/uploads\/2022\/10\/LFMO-Shani-Lloyd.jpg\" class=\"has-image-drop-shadow featured-image has-circle-mask\"><div class=\"video-container has-circle-mask\"><video autoplayxx muted loop playsinline preload=\"none\" class=\"videoPreview\"><source src=\"https:\/\/celebrateindigenous.ca\/wp-content\/uploads\/2022\/11\/Shani.mp4\" type=\"video\/mp4\"><img decoding=\"async\" src=\"https:\/\/celebrateindigenous.ca\/wp-content\/uploads\/2022\/10\/Ready-to-Listen-Rosie-square.png\" alt=\"\" title=\"Your browser does not support HTML5 video.\"><\/video><\/div><\/div>\n<a href=\"https:\/\/celebrateindigenous.ca\/fr\/story\/shani\/\" class=\"label has-center-text-align has-play-button\" title=\"Shani\"><span class=\"label-text sr has-icon has-text-color has-purple-color has-text-weight is-bold\">Watch Now<\/span><\/a><\/div><div class=\"entry-box-content mt-4\"><p class=\"tagline mt-0 mb-1 has-text-weight is-regular has-center-text-align\">Elle est <span>tenace<\/span><\/p><div class=\"summary has-center-text-align\"><p class=\"my-0\">Venant d\u2019une famille solidement enracin\u00e9e dans la culture m\u00e9tisse et ayant un fort historique de d\u00e9fense des droits des Autochtones et des services auxquels ils ont acc\u00e8s.<\/p><\/div><\/div><\/div>\n\n\t\n\t\t<div class=\"column column-item-id-1104\"><div class=\"entry-box entry-box-circle\"><a href=\"https:\/\/celebrateindigenous.ca\/fr\/story\/inez\/\" class=\"hover-block\"><span class=\"sr\">Inez<\/span><\/a><div class=\"media-container\"><img decoding=\"async\" src=\"https:\/\/celebrateindigenous.ca\/wp-content\/uploads\/2022\/10\/LFMO-Inez-Christopher.jpg\" class=\"has-image-drop-shadow featured-image has-circle-mask\"><div class=\"video-container has-circle-mask\"><video autoplayxx muted loop playsinline preload=\"none\" class=\"videoPreview\"><source src=\"https:\/\/celebrateindigenous.ca\/wp-content\/uploads\/2022\/11\/Inez.mp4\" type=\"video\/mp4\"><img decoding=\"async\" src=\"https:\/\/celebrateindigenous.ca\/wp-content\/uploads\/2022\/10\/Ready-to-Listen-Rosie-square.png\" alt=\"\" title=\"Your browser does not support HTML5 video.\"><\/video><\/div><\/div>\n<a href=\"https:\/\/celebrateindigenous.ca\/fr\/story\/inez\/\" class=\"label has-center-text-align has-play-button\" title=\"Inez\"><span class=\"label-text sr has-icon has-text-color has-purple-color has-text-weight is-bold\">Watch Now<\/span><\/a><\/div><div class=\"entry-box-content mt-4\"><p class=\"tagline mt-0 mb-1 has-text-weight is-regular has-center-text-align\">Elle est <span>d\u00e9termin\u00e9e<\/span><\/p><div class=\"summary has-center-text-align\"><p class=\"my-0\">Lorsque Inez est devenue agente de bord, elle ne savait pas qu\u2019elle \u00e9tait \u00e0 la recherche d\u2019un sentiment d\u2019appartenance.<\/p><\/div><\/div><\/div>\n\n\t\n\t\t<div class=\"column column-item-id-1105\"><div class=\"entry-box entry-box-circle\"><a href=\"https:\/\/celebrateindigenous.ca\/fr\/story\/susan-and-madeline\/\" class=\"hover-block\"><span class=\"sr\">Susan et Madeline<\/span><\/a><div class=\"media-container\"><img decoding=\"async\" src=\"https:\/\/celebrateindigenous.ca\/wp-content\/uploads\/2022\/10\/LFMO-Susan-Madeleine.jpg\" class=\"has-image-drop-shadow featured-image has-circle-mask\"><div class=\"video-container has-circle-mask\"><video autoplayxx muted loop playsinline preload=\"none\" class=\"videoPreview\"><source src=\"https:\/\/celebrateindigenous.ca\/wp-content\/uploads\/2022\/11\/Susan-and-Madeline-v2.mp4\" type=\"video\/mp4\"><img decoding=\"async\" src=\"https:\/\/celebrateindigenous.ca\/wp-content\/uploads\/2022\/10\/Ready-to-Listen-Rosie-square.png\" alt=\"\" title=\"Your browser does not support HTML5 video.\"><\/video><\/div><\/div>\n<a href=\"https:\/\/celebrateindigenous.ca\/fr\/story\/susan-and-madeline\/\" class=\"label has-center-text-align has-play-button\" title=\"Susan et Madeline\"><span class=\"label-text sr has-icon has-text-color has-purple-color has-text-weight is-bold\">Watch Now<\/span><\/a><\/div><div class=\"entry-box-content mt-4\"><p class=\"tagline mt-0 mb-1 has-text-weight is-regular has-center-text-align\">Elle est <span>ing\u00e9nieuse<\/span>\/ Elle est <span>aimable<\/span><\/p><div class=\"summary has-center-text-align\"><p class=\"my-0\">Amies depuis leur tendre enfance, Susan et Madeline ont approfondi leur relation \u00e0 l\u2019\u00e2ge adulte \u00e0 Igloolik, au Nunavut.<\/p><\/div><\/div><\/div>\n\n\t\n\t\n<\/div>\n\t\n\t\n<\/div>\n<\/div>\n<\/div>\n\n            <\/div>\n          <\/div>\n\n        <!--<\/div>-->\n      <\/div>\n  <\/div>\n  <\/div>\n\n\n<div  data-blockid=\"tab-69e00ff3c9d3f\" class=\"acf-wp-block sticky-side-tab is-frontend-view has-button-fill-color has-purple-fill-color \">\r\n  <a href=\"#\" class=\"sticky-tab-toggle is-block\"><span class=\"sr is-block has-center-text-align\">Click to open<\/span><\/a>\r\n  <a href=\"https:\/\/celebrateindigenous.ca\/she-is-indigenous-resources\/\"  target=\"_self\" class=\"sticky-side-tab-link has-text-weight is-bold has-main-font-family is-block\"><span class=\"is-block link-text has-center-text-align\">Resources<\/span><\/a>\r\n<\/div>\r\n<script>\r\n\/*(function ($) {\r\n  var stickySideTab_id = $('.sticky-side-tab').data('blockid');\r\n  var stickySideTab_container = $('.sticky-side-tab[data-blockid=\"'+stickySideTab_id+'\"]');\r\n  var stickySideTab_toggle = $('.sticky-side-tab[data-blockid=\"'+stickySideTab_id+'\"] .sticky-tab-toggle');\r\n  $(stickySideTab_toggle).on(\"click\", function(e) {\r\n    e.preventDefault();\r\n    $(this).parent().toggleClass('tab-expanded--mobile');\r\n    $(this).toggleClass('toggle-open');\r\n  });\r\n})(jQuery);*\/\r\n<\/script>\r\n","protected":false},"excerpt":{"rendered":"<p>She is Indigenous honours the strengths and contributions of First Nations, M\u00e9tis and Inuit women.<\/p>\n","protected":false},"author":1,"featured_media":0,"parent":0,"menu_order":0,"comment_status":"closed","ping_status":"closed","template":"","meta":{"footnotes":""},"class_list":["post-1183","page","type-page","status-publish","hentry"],"acf":[],"yoast_head":"<!-- This site is optimized with the Yoast SEO plugin v27.4 - https:\/\/yoast.com\/product\/yoast-seo-wordpress\/ -->\n<title>She is Indigenous | Celebrate Indigenous Strengths<\/title>\n<meta name=\"robots\" content=\"index, follow, max-snippet:-1, max-image-preview:large, max-video-preview:-1\" \/>\n<link rel=\"canonical\" href=\"https:\/\/celebrateindigenous.ca\/fr\/she-is-indigenous\/\" \/>\n<meta property=\"og:locale\" content=\"fr_FR\" \/>\n<meta property=\"og:type\" content=\"article\" \/>\n<meta property=\"og:title\" content=\"She is Indigenous | Celebrate Indigenous Strengths\" \/>\n<meta property=\"og:description\" content=\"She is Indigenous honours the strengths and contributions of First Nations, M\u00e9tis and Inuit women.\" \/>\n<meta property=\"og:url\" content=\"https:\/\/celebrateindigenous.ca\/fr\/she-is-indigenous\/\" \/>\n<meta property=\"og:site_name\" content=\"Celebrate Indigenous Strengths\" \/>\n<meta property=\"article:modified_time\" content=\"2023-04-11T23:55:37+00:00\" \/>\n<meta name=\"twitter:card\" content=\"summary_large_image\" \/>\n<meta name=\"twitter:label1\" content=\"Dur\u00e9e de lecture estim\u00e9e\" \/>\n\t<meta name=\"twitter:data1\" content=\"1 minute\" \/>\n<script type=\"application\/ld+json\" class=\"yoast-schema-graph\">{\"@context\":\"https:\\\/\\\/schema.org\",\"@graph\":[{\"@type\":\"WebPage\",\"@id\":\"https:\\\/\\\/celebrateindigenous.ca\\\/fr\\\/she-is-indigenous\\\/\",\"url\":\"https:\\\/\\\/celebrateindigenous.ca\\\/fr\\\/she-is-indigenous\\\/\",\"name\":\"She is Indigenous | Celebrate Indigenous Strengths\",\"isPartOf\":{\"@id\":\"https:\\\/\\\/celebrateindigenous.ca\\\/#website\"},\"datePublished\":\"2022-10-18T17:49:47+00:00\",\"dateModified\":\"2023-04-11T23:55:37+00:00\",\"breadcrumb\":{\"@id\":\"https:\\\/\\\/celebrateindigenous.ca\\\/fr\\\/she-is-indigenous\\\/#breadcrumb\"},\"inLanguage\":\"fr-FR\",\"potentialAction\":[{\"@type\":\"ReadAction\",\"target\":[\"https:\\\/\\\/celebrateindigenous.ca\\\/fr\\\/she-is-indigenous\\\/\"]}]},{\"@type\":\"BreadcrumbList\",\"@id\":\"https:\\\/\\\/celebrateindigenous.ca\\\/fr\\\/she-is-indigenous\\\/#breadcrumb\",\"itemListElement\":[{\"@type\":\"ListItem\",\"position\":1,\"name\":\"Home\",\"item\":\"https:\\\/\\\/celebrateindigenous.ca\\\/fr\\\/home\\\/\"},{\"@type\":\"ListItem\",\"position\":2,\"name\":\"She is Indigenous\"}]},{\"@type\":\"WebSite\",\"@id\":\"https:\\\/\\\/celebrateindigenous.ca\\\/#website\",\"url\":\"https:\\\/\\\/celebrateindigenous.ca\\\/\",\"name\":\"Celebrate Indigenous Strengths\",\"description\":\"Strengths-Based Indigenous campaigns by Les Femmes Michif Otipemisiwak\",\"potentialAction\":[{\"@type\":\"SearchAction\",\"target\":{\"@type\":\"EntryPoint\",\"urlTemplate\":\"https:\\\/\\\/celebrateindigenous.ca\\\/?s={search_term_string}\"},\"query-input\":{\"@type\":\"PropertyValueSpecification\",\"valueRequired\":true,\"valueName\":\"search_term_string\"}}],\"inLanguage\":\"fr-FR\"}]}<\/script>\n<!-- \/ Yoast SEO plugin. -->","yoast_head_json":{"title":"She is Indigenous | Celebrate Indigenous Strengths","robots":{"index":"index","follow":"follow","max-snippet":"max-snippet:-1","max-image-preview":"max-image-preview:large","max-video-preview":"max-video-preview:-1"},"canonical":"https:\/\/celebrateindigenous.ca\/fr\/she-is-indigenous\/","og_locale":"fr_FR","og_type":"article","og_title":"She is Indigenous | Celebrate Indigenous Strengths","og_description":"She is Indigenous honours the strengths and contributions of First Nations, M\u00e9tis and Inuit women.","og_url":"https:\/\/celebrateindigenous.ca\/fr\/she-is-indigenous\/","og_site_name":"Celebrate Indigenous Strengths","article_modified_time":"2023-04-11T23:55:37+00:00","twitter_card":"summary_large_image","twitter_misc":{"Dur\u00e9e de lecture estim\u00e9e":"1 minute"},"schema":{"@context":"https:\/\/schema.org","@graph":[{"@type":"WebPage","@id":"https:\/\/celebrateindigenous.ca\/fr\/she-is-indigenous\/","url":"https:\/\/celebrateindigenous.ca\/fr\/she-is-indigenous\/","name":"She is Indigenous | Celebrate Indigenous Strengths","isPartOf":{"@id":"https:\/\/celebrateindigenous.ca\/#website"},"datePublished":"2022-10-18T17:49:47+00:00","dateModified":"2023-04-11T23:55:37+00:00","breadcrumb":{"@id":"https:\/\/celebrateindigenous.ca\/fr\/she-is-indigenous\/#breadcrumb"},"inLanguage":"fr-FR","potentialAction":[{"@type":"ReadAction","target":["https:\/\/celebrateindigenous.ca\/fr\/she-is-indigenous\/"]}]},{"@type":"BreadcrumbList","@id":"https:\/\/celebrateindigenous.ca\/fr\/she-is-indigenous\/#breadcrumb","itemListElement":[{"@type":"ListItem","position":1,"name":"Home","item":"https:\/\/celebrateindigenous.ca\/fr\/home\/"},{"@type":"ListItem","position":2,"name":"She is Indigenous"}]},{"@type":"WebSite","@id":"https:\/\/celebrateindigenous.ca\/#website","url":"https:\/\/celebrateindigenous.ca\/","name":"Celebrate Indigenous Strengths","description":"Strengths-Based Indigenous campaigns by Les Femmes Michif Otipemisiwak","potentialAction":[{"@type":"SearchAction","target":{"@type":"EntryPoint","urlTemplate":"https:\/\/celebrateindigenous.ca\/?s={search_term_string}"},"query-input":{"@type":"PropertyValueSpecification","valueRequired":true,"valueName":"search_term_string"}}],"inLanguage":"fr-FR"}]}},"_links":{"self":[{"href":"https:\/\/celebrateindigenous.ca\/fr\/wp-json\/wp\/v2\/pages\/1183","targetHints":{"allow":["GET"]}}],"collection":[{"href":"https:\/\/celebrateindigenous.ca\/fr\/wp-json\/wp\/v2\/pages"}],"about":[{"href":"https:\/\/celebrateindigenous.ca\/fr\/wp-json\/wp\/v2\/types\/page"}],"author":[{"embeddable":true,"href":"https:\/\/celebrateindigenous.ca\/fr\/wp-json\/wp\/v2\/users\/1"}],"replies":[{"embeddable":true,"href":"https:\/\/celebrateindigenous.ca\/fr\/wp-json\/wp\/v2\/comments?post=1183"}],"version-history":[{"count":10,"href":"https:\/\/celebrateindigenous.ca\/fr\/wp-json\/wp\/v2\/pages\/1183\/revisions"}],"predecessor-version":[{"id":2100,"href":"https:\/\/celebrateindigenous.ca\/fr\/wp-json\/wp\/v2\/pages\/1183\/revisions\/2100"}],"wp:attachment":[{"href":"https:\/\/celebrateindigenous.ca\/fr\/wp-json\/wp\/v2\/media?parent=1183"}],"curies":[{"name":"wp","href":"https:\/\/api.w.org\/{rel}","templated":true}]}}